


{"id":12,"date":"2013-06-16T19:32:13","date_gmt":"2013-06-16T17:32:13","guid":{"rendered":"http:\/\/swedeportmarina.se\/ny\/?page_id=12"},"modified":"2013-11-16T09:25:14","modified_gmt":"2013-11-16T08:25:14","slug":"wer-wir-sind","status":"publish","type":"page","link":"https:\/\/swedeportmarina.se\/de\/wer-wir-sind\/","title":{"rendered":"Wer wir sind"},"content":{"rendered":"<p><img decoding=\"async\" loading=\"lazy\" class=\"alignnone size-full wp-image-165\" alt=\"navekvarns_bruk\" src=\"http:\/\/swedeportmarina.se\/wp-content\/uploads\/navekvarns_bruk.jpg\" width=\"580\" height=\"274\" \/><\/p>\n<p>Seit Herbst 2012 haben wir die ehemaligen Industriehallen von N\u00e4vekvarns Bruk erworben, eine Metallindustrie mit einer langen Historie von mehr als 400 Jahren. Diese Hallen sind bereits als Bootshallen eingerichtet worden. Jetzt Sommer 2013 sind wir damit besch\u00e4ftigt, die ehemaligen Werkst\u00e4tten als Bootswerkst\u00e4tten einzurichten. Die ehemalige B\u00fcros werden als Kontor und komfortabele Gasth\u00e4user umgebaut. Schon seit dem Herbst 2013 kann Alles, was ihre Boot betrifft, angeboten werden. <a href=\"http:\/\/swedeportmarina.se\/de\/winterlager\/\">Weitere Informationen k\u00f6nnen Sie auf unserer Website erhalten.<\/a><\/p>\n","protected":false},"excerpt":{"rendered":"<p>Seit Herbst 2012 haben wir die ehemaligen Industriehallen von N\u00e4vekvarns Bruk erworben, eine Metallindustrie mit einer langen Historie von mehr<a href=\"https:\/\/swedeportmarina.se\/de\/wer-wir-sind\/\">(more&#8230;)<\/a><\/p>\n","protected":false},"author":1,"featured_media":0,"parent":0,"menu_order":2,"comment_status":"closed","ping_status":"open","template":"","meta":[],"_links":{"self":[{"href":"https:\/\/swedeportmarina.se\/de\/wp-json\/wp\/v2\/pages\/12"}],"collection":[{"href":"https:\/\/swedeportmarina.se\/de\/wp-json\/wp\/v2\/pages"}],"about":[{"href":"https:\/\/swedeportmarina.se\/de\/wp-json\/wp\/v2\/types\/page"}],"author":[{"embeddable":true,"href":"https:\/\/swedeportmarina.se\/de\/wp-json\/wp\/v2\/users\/1"}],"replies":[{"embeddable":true,"href":"https:\/\/swedeportmarina.se\/de\/wp-json\/wp\/v2\/comments?post=12"}],"version-history":[{"count":2,"href":"https:\/\/swedeportmarina.se\/de\/wp-json\/wp\/v2\/pages\/12\/revisions"}],"predecessor-version":[{"id":247,"href":"https:\/\/swedeportmarina.se\/de\/wp-json\/wp\/v2\/pages\/12\/revisions\/247"}],"wp:attachment":[{"href":"https:\/\/swedeportmarina.se\/de\/wp-json\/wp\/v2\/media?parent=12"}],"curies":[{"name":"wp","href":"https:\/\/api.w.org\/{rel}","templated":true}]}}