


{"id":15,"date":"2013-06-16T19:47:35","date_gmt":"2013-06-16T17:47:35","guid":{"rendered":"http:\/\/swedeportmarina.se\/ny\/?page_id=15"},"modified":"2013-11-16T20:02:25","modified_gmt":"2013-11-16T19:02:25","slug":"navekvarn-der-zugang-zur-schwedischen-scharenkuste","status":"publish","type":"page","link":"https:\/\/swedeportmarina.se\/de\/wer-wir-sind\/navekvarn-der-zugang-zur-schwedischen-scharenkuste\/","title":{"rendered":"N\u00e4vekvarn \u2013 der Zugang zur Schwedischen Sch\u00e4renk\u00fcste"},"content":{"rendered":"<p><img decoding=\"async\" loading=\"lazy\" class=\"alignnone size-full wp-image-170\" alt=\"navekvarns_hamn_2\" src=\"http:\/\/swedeportmarina.se\/wp-content\/uploads\/navekvarns_hamn_2.jpg\" width=\"580\" height=\"339\" \/><\/p>\n<p>N\u00e4vekvarn ist der perfekte Ausgangsort. Hier sind die sch\u00f6nsten Sch\u00e4rengebiete von Schweden und sogar der Welt, wie behauptet wird, sehr gut zu erreichen.<\/p>\n<p>In n\u00f6rdliche Richtung liegt das Naturreservat Stend\u00f6rren, die St\u00e4dte Nyk\u00f6ping, Oxel\u00f6sund und das malerische Trosa, mit seinen vielen bunten Holzh\u00e4usern. Dort \u00f6ffnet sich der Zugang zu dem gro\u00dfen inl\u00e4ndischen See M\u00e4laren. Wenn Sie der K\u00fcste folgen, werden Sie in den s\u00fcdlichen Teil der Sch\u00e4renk\u00fcste von Stockholm gef\u00fchrt; alle Ziele sind an einem Tag zu erreichen.<\/p>\n<p>Sie kennen unbedingt die Deutsche Fernsehserie Inga Lindstr\u00f6m (ZDF), die in der Stadt Nyk\u00f6ping und Umgebung, auch N\u00e4vekvarn, gedreht wurde. <a href=\"http:\/\/www.ingalindstrom.se\/\" target=\"_blank\">Machen Sie Urlaub auf den Spuren von Inga Lindstr\u00f6m.<\/a> Es kann sogar passieren dass man im Dorf Figuranten begegnet.<\/p>\n<p>Wenden Sie den Bug in s\u00fcdliche Richtung, so wird Sankt Anna\u2019s Sch\u00e4rengebiet erreicht und die Stadt Ark\u00f6sund, die lebendige Sommerperle innerhalb von 10 Seemeilen von Br\u00e5viken, der Bucht an der N\u00e4vekvarn liegt. Weiter nach dem S\u00fcden befinden sich die Gew\u00e4sser von Sl\u00e4tbaken und die sch\u00f6ne Stadt S\u00f6derk\u00f6ping, sowie Gryts Sch\u00e4rengebiet mit Fyrudden und Mons Sk\u00e4rg\u00e5rdskrog. Weiterhin lohnen noch etwas s\u00fcdlicher Loftahammar, Gamleby und die Stadt V\u00e4stervik f\u00fcr einen Besuch.<\/p>\n<p>Kurz gesagt, ist N\u00e4vekvarn der ideale Ausgangspunkt f\u00fcr viele sch\u00f6ne Ausfl\u00fcge. In den erw\u00e4hnten Fahrbereichen gibt es viele nat\u00fcrliche H\u00e4fen, oft auf unbewohnten Inseln. Sie sind gut beschrieben.<\/p>\n","protected":false},"excerpt":{"rendered":"<p>N\u00e4vekvarn ist der perfekte Ausgangsort. Hier sind die sch\u00f6nsten Sch\u00e4rengebiete von Schweden und sogar der Welt, wie behauptet wird, sehr<a href=\"https:\/\/swedeportmarina.se\/de\/wer-wir-sind\/navekvarn-der-zugang-zur-schwedischen-scharenkuste\/\">(more&#8230;)<\/a><\/p>\n","protected":false},"author":1,"featured_media":0,"parent":12,"menu_order":0,"comment_status":"closed","ping_status":"open","template":"","meta":[],"_links":{"self":[{"href":"https:\/\/swedeportmarina.se\/de\/wp-json\/wp\/v2\/pages\/15"}],"collection":[{"href":"https:\/\/swedeportmarina.se\/de\/wp-json\/wp\/v2\/pages"}],"about":[{"href":"https:\/\/swedeportmarina.se\/de\/wp-json\/wp\/v2\/types\/page"}],"author":[{"embeddable":true,"href":"https:\/\/swedeportmarina.se\/de\/wp-json\/wp\/v2\/users\/1"}],"replies":[{"embeddable":true,"href":"https:\/\/swedeportmarina.se\/de\/wp-json\/wp\/v2\/comments?post=15"}],"version-history":[{"count":5,"href":"https:\/\/swedeportmarina.se\/de\/wp-json\/wp\/v2\/pages\/15\/revisions"}],"predecessor-version":[{"id":286,"href":"https:\/\/swedeportmarina.se\/de\/wp-json\/wp\/v2\/pages\/15\/revisions\/286"}],"up":[{"embeddable":true,"href":"https:\/\/swedeportmarina.se\/de\/wp-json\/wp\/v2\/pages\/12"}],"wp:attachment":[{"href":"https:\/\/swedeportmarina.se\/de\/wp-json\/wp\/v2\/media?parent=15"}],"curies":[{"name":"wp","href":"https:\/\/api.w.org\/{rel}","templated":true}]}}