


{"id":17,"date":"2013-06-16T19:48:32","date_gmt":"2013-06-16T17:48:32","guid":{"rendered":"http:\/\/swedeportmarina.se\/ny\/?page_id=17"},"modified":"2013-11-16T19:59:28","modified_gmt":"2013-11-16T18:59:28","slug":"navekvarn-hafen","status":"publish","type":"page","link":"https:\/\/swedeportmarina.se\/de\/wer-wir-sind\/navekvarn-hafen\/","title":{"rendered":"N\u00e4vekvarn Hafen"},"content":{"rendered":"<p><img decoding=\"async\" loading=\"lazy\" class=\"alignnone size-full wp-image-167\" alt=\"navekvarns_hamn_1\" src=\"http:\/\/swedeportmarina.se\/wp-content\/uploads\/navekvarns_hamn_1.jpg\" width=\"580\" height=\"223\" \/><\/p>\n<p>Nicht nur die sch\u00f6nen Sch\u00e4ren und die zauberhafte Landschaft von S\u00f6dermanland, sowie das Idyllische Hafendorf N\u00e4vekvarn haben Alles zu bieten, was man f\u00fcr gelungene Ferien braucht: ein Lebensmittelgesch\u00e4ft (7\/7 tage ge\u00f6ffnet) mit Ablieferadresse f\u00fcr Systembolaget und Paketdienst, ein Fremdenverkehrsamt, Caf\u00e9, Campingplatz und Tankstelle f\u00fcr Auto\u2019s und Boote (Diesel, Benzin). Der lokale Bootsklub hei\u00dft N\u00e4vekvarns B\u00e5tklubb, NQBK.<\/p>\n","protected":false},"excerpt":{"rendered":"<p>Nicht nur die sch\u00f6nen Sch\u00e4ren und die zauberhafte Landschaft von S\u00f6dermanland, sowie das Idyllische Hafendorf N\u00e4vekvarn haben Alles zu bieten,<a href=\"https:\/\/swedeportmarina.se\/de\/wer-wir-sind\/navekvarn-hafen\/\">(more&#8230;)<\/a><\/p>\n","protected":false},"author":1,"featured_media":0,"parent":12,"menu_order":0,"comment_status":"closed","ping_status":"open","template":"","meta":[],"_links":{"self":[{"href":"https:\/\/swedeportmarina.se\/de\/wp-json\/wp\/v2\/pages\/17"}],"collection":[{"href":"https:\/\/swedeportmarina.se\/de\/wp-json\/wp\/v2\/pages"}],"about":[{"href":"https:\/\/swedeportmarina.se\/de\/wp-json\/wp\/v2\/types\/page"}],"author":[{"embeddable":true,"href":"https:\/\/swedeportmarina.se\/de\/wp-json\/wp\/v2\/users\/1"}],"replies":[{"embeddable":true,"href":"https:\/\/swedeportmarina.se\/de\/wp-json\/wp\/v2\/comments?post=17"}],"version-history":[{"count":3,"href":"https:\/\/swedeportmarina.se\/de\/wp-json\/wp\/v2\/pages\/17\/revisions"}],"predecessor-version":[{"id":284,"href":"https:\/\/swedeportmarina.se\/de\/wp-json\/wp\/v2\/pages\/17\/revisions\/284"}],"up":[{"embeddable":true,"href":"https:\/\/swedeportmarina.se\/de\/wp-json\/wp\/v2\/pages\/12"}],"wp:attachment":[{"href":"https:\/\/swedeportmarina.se\/de\/wp-json\/wp\/v2\/media?parent=17"}],"curies":[{"name":"wp","href":"https:\/\/api.w.org\/{rel}","templated":true}]}}