


{"id":20,"date":"2013-06-16T19:49:44","date_gmt":"2013-06-16T17:49:44","guid":{"rendered":"http:\/\/swedeportmarina.se\/ny\/?page_id=20"},"modified":"2016-02-18T21:31:59","modified_gmt":"2016-02-18T20:31:59","slug":"winterlager","status":"publish","type":"page","link":"https:\/\/swedeportmarina.se\/de\/winterlager\/","title":{"rendered":"Winterlager"},"content":{"rendered":"<p><img decoding=\"async\" loading=\"lazy\" class=\"alignnone size-full wp-image-312\" src=\"http:\/\/swedeportmarina.se\/wp-content\/uploads\/vinterforvaring-1.jpg\" alt=\"vinterforvaring-1\" width=\"580\" height=\"300\" \/><\/p>\n<h2>10.000\u00a0m\u00b2 Winterlager f\u00fcr ihr Boot<\/h2>\n<p>Mit \u00fcber 10.000 Quadratmeter k\u00f6nnen wir vor Ort den meisten Booten einen Platz bieten: Segelboote, Motorboote (Pilot oder Flybridge). Sie haben die Wahl zwischen geheizt oder ungeheizt. Au\u00dferdem verf\u00fcgen wir auf unserem eingez\u00e4unten Gel\u00e4nde \u00fcber Au\u00dfenstellpl\u00e4tze. Reservieren Sie Ihren Platz, bevor der Winter anf\u00e4ngt!<\/p>\n<h2 id=\"price\">Berechnen Sie den Preis f\u00fcr Ihr Boot<\/h2>\n<div class=\"spmPrice\">\n<form method=\"post\" action=\"#price\">\n<p><label for=\"length\">Bootsl\u00e4nge (m): <\/label><input name=\"length\" id=\"length\" class=\"length\" type=\"text\" maxlength=\"10\" \/><\/p>\n<p><label for=\"width\">Bootsbreite (m): <\/label><input name=\"width\" id=\"width\" class=\"width\" type=\"text\" maxlength=\"10\" \/><\/p>\n<p>Lager Wahl:<br \/>\n<input type=\"radio\" name=\"category\" id=\"spmPriceCat1\" class=\"category\" value=\"1\" \/><label for=\"spmPriceCat1\">Au\u00dfen, eingez\u00e4untes Gel\u00e4nde (255 SEK\/m\u00b2)<\/label><br \/>\n<input type=\"radio\" name=\"category\" id=\"spmPriceCat2\" class=\"category\" value=\"2\" \/><label for=\"spmPriceCat2\">Innen, ungeheizt (587 SEK\/m\u00b2)<\/label><br \/>\n<input type=\"radio\" name=\"category\" id=\"spmPriceCat3\" class=\"category\" value=\"3\" \/><label for=\"spmPriceCat3\">Innen, geheizt (919 SEK\/m\u00b2)<\/label><br \/>\n<p><input type=\"submit\" value=\"Zeige den Preis f\u00fcr ihr Boot\" class=\"submitButton\" \/><\/p>\n<\/form>\n<\/div>\n<p>Der Preis beinhaltet die Lagerung und Abspritzung des Unterwasserschiffes. B\u00f6cke k\u00f6nnen gemietet werden. Wir garantieren, dass Ihr Boot mit den am Besten geeigneten Einrichtungen aus und ins Wasser gehoben wird. F\u00fcr den Einsatz unseres Roodberg Slipway Trailers dabei werden zus\u00e4tzliche Kosten gerechnet.<\/p>\n<h2>Reservieren Sie Ihr Winterlager<\/h2>\n<p>Schicken Sie Ihre Kontaktdaten, mit Bootsl\u00e4nge, Breite und Gewicht per E-Mail an <a href=\"mailto:info@swedeportmarina.se\">info@swedeportmarina.se<\/a>. Sie erhalten eine Empfangsbest\u00e4tigung per E-mail und wir werden innerhalb von drei Tagen Kontakt mit Ihnen aufnehmen.<\/p>\n<h2>Vollservice f\u00fcr alle Bootstypen<\/h2>\n<p>Wir bieten Ihnen gerne Vollservice auf Ihrem Platz an, f\u00fcr alle Bootstypen und Motorisierungen, sowohl Innen- als Aussenbord.<\/p>\n","protected":false},"excerpt":{"rendered":"<p>10.000\u00a0m\u00b2 Winterlager f\u00fcr ihr Boot Mit \u00fcber 10.000 Quadratmeter k\u00f6nnen wir vor Ort den meisten Booten einen Platz bieten: Segelboote,<a href=\"https:\/\/swedeportmarina.se\/de\/winterlager\/\">(more&#8230;)<\/a><\/p>\n","protected":false},"author":1,"featured_media":0,"parent":0,"menu_order":4,"comment_status":"closed","ping_status":"open","template":"","meta":[],"_links":{"self":[{"href":"https:\/\/swedeportmarina.se\/de\/wp-json\/wp\/v2\/pages\/20"}],"collection":[{"href":"https:\/\/swedeportmarina.se\/de\/wp-json\/wp\/v2\/pages"}],"about":[{"href":"https:\/\/swedeportmarina.se\/de\/wp-json\/wp\/v2\/types\/page"}],"author":[{"embeddable":true,"href":"https:\/\/swedeportmarina.se\/de\/wp-json\/wp\/v2\/users\/1"}],"replies":[{"embeddable":true,"href":"https:\/\/swedeportmarina.se\/de\/wp-json\/wp\/v2\/comments?post=20"}],"version-history":[{"count":10,"href":"https:\/\/swedeportmarina.se\/de\/wp-json\/wp\/v2\/pages\/20\/revisions"}],"predecessor-version":[{"id":309,"href":"https:\/\/swedeportmarina.se\/de\/wp-json\/wp\/v2\/pages\/20\/revisions\/309"}],"wp:attachment":[{"href":"https:\/\/swedeportmarina.se\/de\/wp-json\/wp\/v2\/media?parent=20"}],"curies":[{"name":"wp","href":"https:\/\/api.w.org\/{rel}","templated":true}]}}