


{"id":42,"date":"2013-06-16T20:07:33","date_gmt":"2013-06-16T18:07:33","guid":{"rendered":"http:\/\/swedeportmarina.se\/ny\/?page_id=42"},"modified":"2014-05-25T09:38:41","modified_gmt":"2014-05-25T08:38:41","slug":"stockholm-skavsta-airport","status":"publish","type":"page","link":"https:\/\/swedeportmarina.se\/de\/winterlager\/stockholm-skavsta-airport\/","title":{"rendered":"Deutschland"},"content":{"rendered":"<p><img decoding=\"async\" loading=\"lazy\" class=\"alignnone size-full wp-image-184\" src=\"http:\/\/swedeportmarina.se\/wp-content\/uploads\/airplane.jpg\" alt=\"airplane\" width=\"580\" height=\"257\" \/><\/p>\n<h2>Winterlager f\u00fcr diejenigen, die aus Deutschland anreisen per Flugzeug<\/h2>\n<p>Egal wo Sie wohnen, wir bieten Ihnen eine ausgezeichnete Erreichbarkeit Ihres Bootes und der sch\u00f6nen Sch\u00e4ren an. Kommen Sie nach N\u00e4vekvarn, nur 30 Autominuten von Stockholm Skavsta Airport entfernt und vom Flugplatz D\u00fcsseldorf\/Weeze leicht zu erreichen. Wir bieten Ihnen einen Zubringerservice an. Auf diese Weise k\u00f6nnten Sie innerhalb von drei Stunden nach Abreise aus Deutschland schon auf Ihrem Boot sein.<\/p>\n<h2>Unterkunft\/\u00dcbernachtungsm\u00f6glichkeiten<\/h2>\n<p>M\u00f6chten Sie gerne die Nacht in N\u00e4vekvarn verbringen, dann bieten wir Ihnen dazu unsere privaten Einrichtungen an, sowie eine typische Stuga von 100 Quadratmeter im Zentrum des Dorfes. Oder Sie k\u00f6nnen die Unterk\u00fcnfte in unserem eigenen Geb\u00e4ude auf dem Gel\u00e4nde benutzen.<\/p>\n<h2>Vorteile einer Winterlagerung bei Swede Port Marina<\/h2>\n<ul>\n<li>In nur 30 Autominuten von Flugplatz Stockholm Skavsta zu erreichen mittels Zubringerdienst.<\/li>\n<li>Winterlager nach Wahl: Innen, aussen auf eingez\u00e4untem Gel\u00e4nde, geheizt, ungeheizt.<\/li>\n<li>Vollservice vor Ort im Sommer und im Winter.<\/li>\n<li>Bald werden wir Ihnen sogar ein Totalpaket anbieten k\u00f6nnen bestehend aus Winterlager mit Liegeplatz.<\/li>\n<li>Zugang zum sch\u00f6nsten Sch\u00e4rengebiet Schwedens.<\/li>\n<\/ul>\n","protected":false},"excerpt":{"rendered":"<p>Winterlager f\u00fcr diejenigen, die aus Deutschland anreisen per Flugzeug Egal wo Sie wohnen, wir bieten Ihnen eine ausgezeichnete Erreichbarkeit Ihres<a href=\"https:\/\/swedeportmarina.se\/de\/winterlager\/stockholm-skavsta-airport\/\">(more&#8230;)<\/a><\/p>\n","protected":false},"author":1,"featured_media":0,"parent":20,"menu_order":5,"comment_status":"closed","ping_status":"open","template":"","meta":[],"_links":{"self":[{"href":"https:\/\/swedeportmarina.se\/de\/wp-json\/wp\/v2\/pages\/42"}],"collection":[{"href":"https:\/\/swedeportmarina.se\/de\/wp-json\/wp\/v2\/pages"}],"about":[{"href":"https:\/\/swedeportmarina.se\/de\/wp-json\/wp\/v2\/types\/page"}],"author":[{"embeddable":true,"href":"https:\/\/swedeportmarina.se\/de\/wp-json\/wp\/v2\/users\/1"}],"replies":[{"embeddable":true,"href":"https:\/\/swedeportmarina.se\/de\/wp-json\/wp\/v2\/comments?post=42"}],"version-history":[{"count":6,"href":"https:\/\/swedeportmarina.se\/de\/wp-json\/wp\/v2\/pages\/42\/revisions"}],"predecessor-version":[{"id":296,"href":"https:\/\/swedeportmarina.se\/de\/wp-json\/wp\/v2\/pages\/42\/revisions\/296"}],"up":[{"embeddable":true,"href":"https:\/\/swedeportmarina.se\/de\/wp-json\/wp\/v2\/pages\/20"}],"wp:attachment":[{"href":"https:\/\/swedeportmarina.se\/de\/wp-json\/wp\/v2\/media?parent=42"}],"curies":[{"name":"wp","href":"https:\/\/api.w.org\/{rel}","templated":true}]}}