


{"id":46,"date":"2013-06-16T20:09:28","date_gmt":"2013-06-16T18:09:28","guid":{"rendered":"http:\/\/swedeportmarina.se\/ny\/?page_id=46"},"modified":"2016-02-14T21:37:24","modified_gmt":"2016-02-14T20:37:24","slug":"wie-sie-ihren-platz-reservieren-konnen","status":"publish","type":"page","link":"https:\/\/swedeportmarina.se\/de\/winterlager\/wie-sie-ihren-platz-reservieren-konnen\/","title":{"rendered":"Wie Sie Ihren Platz reservieren k\u00f6nnen"},"content":{"rendered":"<p>Hier finden Sie alle Ausk\u00fcnfte wie Sie Ihren Winterlager Platz reservieren k\u00f6nnen.<\/p>\n<h2>Winterlager Buchung<\/h2>\n<p>Schicken Sie Ihre Kontaktdaten, mit Bootsl\u00e4nge, Breite und Gewicht per E-Mail an <a href=\"mailto:info@swedeportmarina.se\">info@swedeportmarina.se<\/a>. Sie erhalten eine Empfangsbest\u00e4tigung per E-Mail und wir werden innerhalb von drei Tagen Kontakt mit Ihnen aufnehmen.<\/p>\n<h2>Sie kommen selbst mit dem Boot, oder wir fahren f\u00fcr Sie hin<\/h2>\n<p><img decoding=\"async\" loading=\"lazy\" class=\"alignnone size-full wp-image-210\" src=\"http:\/\/swedeportmarina.se\/wp-content\/uploads\/brygga.jpg\" alt=\"brygga\" width=\"580\" height=\"250\" \/><\/p>\n<p>Finden Sie selbst mit Ihrem Boot den Fahrweg zu unserer Anlegestelle in N\u00e4vekvarn. Wir k\u00f6nnen Ihr Boot auch hinfahren, wenn Sie es w\u00fcnschen.<\/p>\n<h2>Bootslift<\/h2>\n<p><img decoding=\"async\" loading=\"lazy\" class=\"alignnone size-full wp-image-317\" src=\"http:\/\/swedeportmarina.se\/wp-content\/uploads\/vinterforvaring-3.jpg\" alt=\"vinterforvaring-3\" width=\"580\" height=\"355\" \/><\/p>\n<p><img decoding=\"async\" loading=\"lazy\" class=\"alignnone size-full wp-image-318\" src=\"http:\/\/swedeportmarina.se\/wp-content\/uploads\/vinterforvaring-4.jpg\" alt=\"vinterforvaring-4\" width=\"580\" height=\"347\" \/><\/p>\n<p><img decoding=\"async\" loading=\"lazy\" class=\"alignnone size-full wp-image-322\" src=\"http:\/\/swedeportmarina.se\/wp-content\/uploads\/vinterforvaring-5.jpg\" alt=\"vinterforvaring-5\" width=\"580\" height=\"398\" \/><\/p>\n<p>Wir garantieren dass Ihr Boot mit den am Besten geeigneten Einrichtungen aus und ins Wasser gehoben wird. Das Unterwasserschiff wird mit Hochdruck gereinigt\u00a0 bevorIhr Boot in die Halle hinein bef\u00f6rdert wird. Der Einsatz von einem Roodberg Slipway Trailer bis 23 Tonnen erm\u00f6gligt eine sichere \u00dcberf\u00fchrung.<\/p>\n<h2>W\u00e4hlen Sie<\/h2>\n<p><img decoding=\"async\" loading=\"lazy\" class=\"alignnone size-full wp-image-202\" src=\"http:\/\/swedeportmarina.se\/wp-content\/uploads\/katja_1.jpg\" alt=\"katja_1\" width=\"580\" height=\"275\" \/><\/p>\n<ul>\n<li>Au\u00dfen, eingez\u00e4untes Gel\u00e4nde<\/li>\n<li>Innen, ungeheizt<\/li>\n<li>Innen, geheizt<\/li>\n<\/ul>\n<h2>Service<\/h2>\n<p><strong>Winterfertig und wieder fahrbereit machen erledigen wir f\u00fcr Segel- und Motorboote<\/strong><\/p>\n<p><img decoding=\"async\" loading=\"lazy\" class=\"alignnone size-full wp-image-200\" src=\"http:\/\/swedeportmarina.se\/wp-content\/uploads\/segelbat_1.jpg\" alt=\"segelbat_1\" width=\"580\" height=\"250\" \/><\/p>\n<p>Winterfertig und wieder fahrbereit machen erledigen wir gerne f\u00fcr Sie. Vollservice f\u00fcr ihr Boot wird vor Ort von unseren Fachleuten geliefert. Wir verf\u00fcgen \u00fcber guten Kontakten zu Lieferanten f\u00fcr Spezialarbeiten oder Ersatzteile. Viele Arbeiten sind gegen vereinbarten Festpreisen m\u00f6glich.<\/p>\n","protected":false},"excerpt":{"rendered":"<p>Hier finden Sie alle Ausk\u00fcnfte wie Sie Ihren Winterlager Platz reservieren k\u00f6nnen. Winterlager Buchung Schicken Sie Ihre Kontaktdaten, mit Bootsl\u00e4nge,<a href=\"https:\/\/swedeportmarina.se\/de\/winterlager\/wie-sie-ihren-platz-reservieren-konnen\/\">(more&#8230;)<\/a><\/p>\n","protected":false},"author":1,"featured_media":0,"parent":20,"menu_order":6,"comment_status":"closed","ping_status":"open","template":"","meta":[],"_links":{"self":[{"href":"https:\/\/swedeportmarina.se\/de\/wp-json\/wp\/v2\/pages\/46"}],"collection":[{"href":"https:\/\/swedeportmarina.se\/de\/wp-json\/wp\/v2\/pages"}],"about":[{"href":"https:\/\/swedeportmarina.se\/de\/wp-json\/wp\/v2\/types\/page"}],"author":[{"embeddable":true,"href":"https:\/\/swedeportmarina.se\/de\/wp-json\/wp\/v2\/users\/1"}],"replies":[{"embeddable":true,"href":"https:\/\/swedeportmarina.se\/de\/wp-json\/wp\/v2\/comments?post=46"}],"version-history":[{"count":11,"href":"https:\/\/swedeportmarina.se\/de\/wp-json\/wp\/v2\/pages\/46\/revisions"}],"predecessor-version":[{"id":303,"href":"https:\/\/swedeportmarina.se\/de\/wp-json\/wp\/v2\/pages\/46\/revisions\/303"}],"up":[{"embeddable":true,"href":"https:\/\/swedeportmarina.se\/de\/wp-json\/wp\/v2\/pages\/20"}],"wp:attachment":[{"href":"https:\/\/swedeportmarina.se\/de\/wp-json\/wp\/v2\/media?parent=46"}],"curies":[{"name":"wp","href":"https:\/\/api.w.org\/{rel}","templated":true}]}}