


{"id":51,"date":"2013-06-16T20:14:50","date_gmt":"2013-06-16T18:14:50","guid":{"rendered":"http:\/\/swedeportmarina.se\/ny\/?page_id=51"},"modified":"2016-08-24T18:59:42","modified_gmt":"2016-08-24T17:59:42","slug":"vereinbarung-und-bedingungen","status":"publish","type":"page","link":"https:\/\/swedeportmarina.se\/de\/winterlager\/vereinbarung-und-bedingungen\/","title":{"rendered":"Vereinbarung und Bedingungen"},"content":{"rendered":"<p><img decoding=\"async\" loading=\"lazy\" class=\"alignnone size-full wp-image-212\" src=\"http:\/\/swedeportmarina.se\/wp-content\/uploads\/segelbat_2.jpg\" alt=\"segelbat_2\" width=\"580\" height=\"250\" \/><\/p>\n<ul>\n<li>Die Rechtsperson bez\u00fcglich des Winterlagers und der Servicearbeiten ist Swede Port Marina (Teil von Br\u00e5viken Marina Fastigheter AB), org. nr. 556905-6632.<\/li>\n<li>Die Vereinbarung ist f\u00fcr Winterlagerung vom 1. September bis zum 1. Juni g\u00fcltig. F\u00fcr eine k\u00fcrzere Periode erfolgt keine Gutschrift.<\/li>\n<li>Unsere Vereinbarungen basieren auf dem Standard von Sweboat und Svenska Varvsf\u00f6reningen. Nachdem wir die Reservierungsgeb\u00fchr empfangen haben, erhalten Sie folgende Best\u00e4tigung:<\/li>\n<li>Wir werden Ihr Boot nicht eher behandeln k\u00f6nnen, bis wir eine unterzeichnete Vereinbarung empfangen haben. Wir brauchen auch eine Kopie der Bootsversicherungsscheine.<\/li>\n<li>Der Einsatz von einem Roodberg Slipway Trailer bis 23 Tonnen erm\u00f6gligt eine sichere \u00dcberf\u00fchrung aus dem Wasser in die Halle hinein.<\/li>\n<\/ul>\n","protected":false},"excerpt":{"rendered":"<p>Die Rechtsperson bez\u00fcglich des Winterlagers und der Servicearbeiten ist Swede Port Marina (Teil von Br\u00e5viken Marina Fastigheter AB), org. nr.<a href=\"https:\/\/swedeportmarina.se\/de\/winterlager\/vereinbarung-und-bedingungen\/\">(more&#8230;)<\/a><\/p>\n","protected":false},"author":1,"featured_media":0,"parent":20,"menu_order":7,"comment_status":"closed","ping_status":"open","template":"","meta":[],"_links":{"self":[{"href":"https:\/\/swedeportmarina.se\/de\/wp-json\/wp\/v2\/pages\/51"}],"collection":[{"href":"https:\/\/swedeportmarina.se\/de\/wp-json\/wp\/v2\/pages"}],"about":[{"href":"https:\/\/swedeportmarina.se\/de\/wp-json\/wp\/v2\/types\/page"}],"author":[{"embeddable":true,"href":"https:\/\/swedeportmarina.se\/de\/wp-json\/wp\/v2\/users\/1"}],"replies":[{"embeddable":true,"href":"https:\/\/swedeportmarina.se\/de\/wp-json\/wp\/v2\/comments?post=51"}],"version-history":[{"count":10,"href":"https:\/\/swedeportmarina.se\/de\/wp-json\/wp\/v2\/pages\/51\/revisions"}],"predecessor-version":[{"id":310,"href":"https:\/\/swedeportmarina.se\/de\/wp-json\/wp\/v2\/pages\/51\/revisions\/310"}],"up":[{"embeddable":true,"href":"https:\/\/swedeportmarina.se\/de\/wp-json\/wp\/v2\/pages\/20"}],"wp:attachment":[{"href":"https:\/\/swedeportmarina.se\/de\/wp-json\/wp\/v2\/media?parent=51"}],"curies":[{"name":"wp","href":"https:\/\/api.w.org\/{rel}","templated":true}]}}