


{"id":17,"date":"2013-06-16T19:48:32","date_gmt":"2013-06-16T17:48:32","guid":{"rendered":"http:\/\/swedeportmarina.se\/ny\/?page_id=17"},"modified":"2013-10-27T11:18:25","modified_gmt":"2013-10-27T09:18:25","slug":"the-port-of-navekvarn","status":"publish","type":"page","link":"https:\/\/swedeportmarina.se\/en\/about-us\/the-port-of-navekvarn\/","title":{"rendered":"The port of N\u00e4vekvarn"},"content":{"rendered":"<p><img decoding=\"async\" loading=\"lazy\" class=\"alignnone size-full wp-image-167\" alt=\"navekvarns_hamn_1\" src=\"http:\/\/swedeportmarina.se\/wp-content\/uploads\/navekvarns_hamn_1.jpg\" width=\"580\" height=\"223\" \/><\/p>\n<p>Apart from the breathtaking archipelago and the enchanting landscapes of S\u00f6dermanland, you will find almost everything you need in idyllic N\u00e4vekvarn: a supermarket (incl. Systembolaget and Post Service), a tourist office, a caf\u00e9, a tavern, a camping site and a gas station. The local boat club is called \u201cN\u00e4vekvarns B\u00e5tklubb, NQBK\u201d.<\/p>\n","protected":false},"excerpt":{"rendered":"<p>Apart from the breathtaking archipelago and the enchanting landscapes of S\u00f6dermanland, you will find almost everything you need in idyllic<a href=\"https:\/\/swedeportmarina.se\/en\/about-us\/the-port-of-navekvarn\/\">(more&#8230;)<\/a><\/p>\n","protected":false},"author":1,"featured_media":0,"parent":12,"menu_order":0,"comment_status":"closed","ping_status":"open","template":"","meta":[],"_links":{"self":[{"href":"https:\/\/swedeportmarina.se\/en\/wp-json\/wp\/v2\/pages\/17"}],"collection":[{"href":"https:\/\/swedeportmarina.se\/en\/wp-json\/wp\/v2\/pages"}],"about":[{"href":"https:\/\/swedeportmarina.se\/en\/wp-json\/wp\/v2\/types\/page"}],"author":[{"embeddable":true,"href":"https:\/\/swedeportmarina.se\/en\/wp-json\/wp\/v2\/users\/1"}],"replies":[{"embeddable":true,"href":"https:\/\/swedeportmarina.se\/en\/wp-json\/wp\/v2\/comments?post=17"}],"version-history":[{"count":2,"href":"https:\/\/swedeportmarina.se\/en\/wp-json\/wp\/v2\/pages\/17\/revisions"}],"predecessor-version":[{"id":250,"href":"https:\/\/swedeportmarina.se\/en\/wp-json\/wp\/v2\/pages\/17\/revisions\/250"}],"up":[{"embeddable":true,"href":"https:\/\/swedeportmarina.se\/en\/wp-json\/wp\/v2\/pages\/12"}],"wp:attachment":[{"href":"https:\/\/swedeportmarina.se\/en\/wp-json\/wp\/v2\/media?parent=17"}],"curies":[{"name":"wp","href":"https:\/\/api.w.org\/{rel}","templated":true}]}}