


{"id":24,"date":"2013-06-16T19:51:51","date_gmt":"2013-06-16T17:51:51","guid":{"rendered":"http:\/\/swedeportmarina.se\/ny\/?page_id=24"},"modified":"2023-08-25T12:37:06","modified_gmt":"2023-08-25T10:37:06","slug":"contact-us","status":"publish","type":"page","link":"https:\/\/swedeportmarina.se\/en\/contact-us\/","title":{"rendered":"Contact Us"},"content":{"rendered":"<p><img decoding=\"async\" loading=\"lazy\" class=\"alignnone size-full wp-image-193\" src=\"http:\/\/swedeportmarina.se\/wp-content\/uploads\/kompass.jpg\" alt=\"kompass\" width=\"580\" height=\"234\" \/><\/p>\n<p><strong>E-mail<\/strong><br \/>\n<a href=\"mailto:info@swedeportmarina.se\">info@swedeportmarina.se<\/a><\/p>\n<p><strong>Telephone<\/strong><br \/>\n+46. 70-99 99 740<\/p>\n<p><strong>Address<\/strong><br \/>\nSwede Port Marina, N\u00e4vekvarns Bruk, Kvarsebov\u00e4gen, 611 76 N\u00e4vekvarn, Sweden<\/p>\n","protected":false},"excerpt":{"rendered":"<p>E-mail info@swedeportmarina.se Telephone +46. 70-99 99 740 Address Swede Port Marina, N\u00e4vekvarns Bruk, Kvarsebov\u00e4gen, 611 76 N\u00e4vekvarn, Sweden<\/p>\n","protected":false},"author":1,"featured_media":0,"parent":0,"menu_order":9,"comment_status":"closed","ping_status":"open","template":"","meta":[],"_links":{"self":[{"href":"https:\/\/swedeportmarina.se\/en\/wp-json\/wp\/v2\/pages\/24"}],"collection":[{"href":"https:\/\/swedeportmarina.se\/en\/wp-json\/wp\/v2\/pages"}],"about":[{"href":"https:\/\/swedeportmarina.se\/en\/wp-json\/wp\/v2\/types\/page"}],"author":[{"embeddable":true,"href":"https:\/\/swedeportmarina.se\/en\/wp-json\/wp\/v2\/users\/1"}],"replies":[{"embeddable":true,"href":"https:\/\/swedeportmarina.se\/en\/wp-json\/wp\/v2\/comments?post=24"}],"version-history":[{"count":5,"href":"https:\/\/swedeportmarina.se\/en\/wp-json\/wp\/v2\/pages\/24\/revisions"}],"predecessor-version":[{"id":302,"href":"https:\/\/swedeportmarina.se\/en\/wp-json\/wp\/v2\/pages\/24\/revisions\/302"}],"wp:attachment":[{"href":"https:\/\/swedeportmarina.se\/en\/wp-json\/wp\/v2\/media?parent=24"}],"curies":[{"name":"wp","href":"https:\/\/api.w.org\/{rel}","templated":true}]}}