


{"id":33,"date":"2013-06-16T20:04:03","date_gmt":"2013-06-16T18:04:03","guid":{"rendered":"http:\/\/swedeportmarina.se\/ny\/?page_id=33"},"modified":"2014-05-25T10:30:59","modified_gmt":"2014-05-25T08:30:59","slug":"stockholm","status":"publish","type":"page","link":"https:\/\/swedeportmarina.se\/en\/winter-storage\/stockholm\/","title":{"rendered":"Stockholm"},"content":{"rendered":"<p><img decoding=\"async\" loading=\"lazy\" class=\"alignnone size-full wp-image-175\" src=\"http:\/\/swedeportmarina.se\/wp-content\/uploads\/boats_stockholm.jpg\" alt=\"boats_stockholm\" width=\"580\" height=\"223\" \/><\/p>\n<h2>Winter Storage and Marine Service for those living in Stockholm<\/h2>\n<p>You most certainly know how tricky it can be to find a good and cost-effective facility for the winter storage of your boat.\u00a0 We have a suggestion: come to N\u00e4vekvarn.\u00a0 N\u00e4vekvarn is situated at approximately one hour from Stockholm, the same amount of time you would need to get to a storage facility in Vaxholm, V\u00e4rmd\u00f6 or Dalar\u00f6, lying in the edge of the archipelago. This distance takes around one day by sailing boat or a couple of hours by motorboat. In fact, it might even be a true pleasure to make this trip twice a year.<\/p>\n<h2>Accommodation<\/h2>\n<p>If you would like to stay over, you can book an authentic cottage of 100 m\u00b2 in the middle of N\u00e4vekvarn.\u00a0 You can even reserve a room on the premises of Swede Port Marina.<\/p>\n<h2>Advantages Storage Swede Port Marina<\/h2>\n<ul>\n<li>More reasonable prices than in Stockholm and its surroundings<\/li>\n<li>1h 20min by car from Stockholm, the same amount of time to get to your destination in the archipelago<\/li>\n<li>Different types of storage: indoor heated or unheated, outdoor on fenced yard<\/li>\n<li>Possibility of full service, summer and wintertime<\/li>\n<li>Soon we will even be able to offer you a package including accommodation and storage<\/li>\n<li>Gate to the most beautiful archipelago in Sweden<\/li>\n<\/ul>\n","protected":false},"excerpt":{"rendered":"<p>Winter Storage and Marine Service for those living in Stockholm You most certainly know how tricky it can be to<a href=\"https:\/\/swedeportmarina.se\/en\/winter-storage\/stockholm\/\">(more&#8230;)<\/a><\/p>\n","protected":false},"author":1,"featured_media":0,"parent":20,"menu_order":1,"comment_status":"closed","ping_status":"open","template":"","meta":[],"_links":{"self":[{"href":"https:\/\/swedeportmarina.se\/en\/wp-json\/wp\/v2\/pages\/33"}],"collection":[{"href":"https:\/\/swedeportmarina.se\/en\/wp-json\/wp\/v2\/pages"}],"about":[{"href":"https:\/\/swedeportmarina.se\/en\/wp-json\/wp\/v2\/types\/page"}],"author":[{"embeddable":true,"href":"https:\/\/swedeportmarina.se\/en\/wp-json\/wp\/v2\/users\/1"}],"replies":[{"embeddable":true,"href":"https:\/\/swedeportmarina.se\/en\/wp-json\/wp\/v2\/comments?post=33"}],"version-history":[{"count":4,"href":"https:\/\/swedeportmarina.se\/en\/wp-json\/wp\/v2\/pages\/33\/revisions"}],"predecessor-version":[{"id":283,"href":"https:\/\/swedeportmarina.se\/en\/wp-json\/wp\/v2\/pages\/33\/revisions\/283"}],"up":[{"embeddable":true,"href":"https:\/\/swedeportmarina.se\/en\/wp-json\/wp\/v2\/pages\/20"}],"wp:attachment":[{"href":"https:\/\/swedeportmarina.se\/en\/wp-json\/wp\/v2\/media?parent=33"}],"curies":[{"name":"wp","href":"https:\/\/api.w.org\/{rel}","templated":true}]}}