

{"id":15,"date":"2013-06-16T19:47:35","date_gmt":"2013-06-16T17:47:35","guid":{"rendered":"http:\/\/swedeportmarina.se\/ny\/?page_id=15"},"modified":"2013-10-17T21:36:13","modified_gmt":"2013-10-17T19:36:13","slug":"navekvarn-poort-tot-de-zweedse-scherenkust","status":"publish","type":"page","link":"https:\/\/swedeportmarina.se\/nl\/wie-wij-zijn\/navekvarn-poort-tot-de-zweedse-scherenkust\/","title":{"rendered":"N\u00e4vekvarn \u2013 poort tot de Zweedse scherenkust"},"content":{"rendered":"<p><img decoding=\"async\" loading=\"lazy\" class=\"alignnone size-full wp-image-170\" alt=\"navekvarns_hamn_2\" src=\"http:\/\/swedeportmarina.se\/wp-content\/uploads\/navekvarns_hamn_2.jpg\" width=\"580\" height=\"339\" \/><\/p>\n<p>Vanuit N\u00e4vekvarn bent u zo in de mooiste scherengebieden van Zweden of, &#8211; zo wordt ook wel beweerd, van de wereld-, te komen. Gaat u in noordelijke richting dan bereikt u het natuurreservaat van Stend\u00f6rren, de steden Nyk\u00f6ping en Oxel\u00f6sund, of het schilderachtige Trosa met zijn vele gekleurde houten huizen. Daarna opent zich de toegang tot het grote binnenmeer M\u00e4laren. Of u volgt de kust en dan ligt het zuidelijke deel van het scherengebied van Stockholm voor de boeg. Alles in een dag varen bereikbaar.<\/p>\n<p>Wendt u daarentegen het steven helemaal in zuidelijke richting dan bereikt u van St Annas en het levendige zomerplaatsje Ark\u00f6sund, binnen 10 zeemijl vanuit Br\u00e5viken, de baai waar N\u00e4vekvarn aan ligt. Verder naar het zuiden komt u in de wateren van Sl\u00e4tbaken met de mooie stad S\u00f6derk\u00f6ping, Gryts scherengebied met Fyrudden en Mons Sk\u00e4rg\u00e5rdskrog. Nog verder in zuidelijk richting bevindt zich Loftahammar, Gamleby en de stad V\u00e4stervik, een bezoek zeker waard.<\/p>\n<p>Kortom, N\u00e4vekvarn is het perfecte startpunt voor vele prachtige vaartochten. In de genoemde vaargebieden vindt u ook vele natuurhavens, vaak op onbewoonde eilanden. Ze zijn goed beschreven.<\/p>\n<p>&nbsp;<\/p>\n","protected":false},"excerpt":{"rendered":"<p>Vanuit N\u00e4vekvarn bent u zo in de mooiste scherengebieden van Zweden of, &#8211; zo wordt ook wel beweerd, van de<a href=\"https:\/\/swedeportmarina.se\/nl\/wie-wij-zijn\/navekvarn-poort-tot-de-zweedse-scherenkust\/\">(more&#8230;)<\/a><\/p>\n","protected":false},"author":1,"featured_media":0,"parent":12,"menu_order":0,"comment_status":"closed","ping_status":"open","template":"","meta":[],"_links":{"self":[{"href":"https:\/\/swedeportmarina.se\/nl\/wp-json\/wp\/v2\/pages\/15"}],"collection":[{"href":"https:\/\/swedeportmarina.se\/nl\/wp-json\/wp\/v2\/pages"}],"about":[{"href":"https:\/\/swedeportmarina.se\/nl\/wp-json\/wp\/v2\/types\/page"}],"author":[{"embeddable":true,"href":"https:\/\/swedeportmarina.se\/nl\/wp-json\/wp\/v2\/users\/1"}],"replies":[{"embeddable":true,"href":"https:\/\/swedeportmarina.se\/nl\/wp-json\/wp\/v2\/comments?post=15"}],"version-history":[{"count":4,"href":"https:\/\/swedeportmarina.se\/nl\/wp-json\/wp\/v2\/pages\/15\/revisions"}],"predecessor-version":[{"id":291,"href":"https:\/\/swedeportmarina.se\/nl\/wp-json\/wp\/v2\/pages\/15\/revisions\/291"}],"up":[{"embeddable":true,"href":"https:\/\/swedeportmarina.se\/nl\/wp-json\/wp\/v2\/pages\/12"}],"wp:attachment":[{"href":"https:\/\/swedeportmarina.se\/nl\/wp-json\/wp\/v2\/media?parent=15"}],"curies":[{"name":"wp","href":"https:\/\/api.w.org\/{rel}","templated":true}]}}