

{"id":33,"date":"2013-06-16T20:04:03","date_gmt":"2013-06-16T18:04:03","guid":{"rendered":"http:\/\/swedeportmarina.se\/ny\/?page_id=33"},"modified":"2014-05-25T10:43:59","modified_gmt":"2014-05-25T08:43:59","slug":"stockholm","status":"publish","type":"page","link":"https:\/\/swedeportmarina.se\/nl\/winterstalling\/stockholm\/","title":{"rendered":"Stockholm"},"content":{"rendered":"<p><img decoding=\"async\" loading=\"lazy\" class=\"alignnone size-full wp-image-175\" src=\"http:\/\/swedeportmarina.se\/wp-content\/uploads\/boats_stockholm.jpg\" alt=\"boats_stockholm\" width=\"580\" height=\"223\" \/><\/p>\n<h2>Winterstalling en service voor degenen die in Stockholm wonen<\/h2>\n<p>U weet zeker wel hoe lastig het kan zijn om een goede en ook betaalbare plaats voor de winterstalling van uw boot te vinden. Wij hebben een voorstel: kom naar N\u00e4vekvarn. Op iets meer dan een uur rijden, dezelfde tijd als het u kost om anders naar uw huidige winterstalling aan de rand van het scherengebied te rijden: Vaxholm, V\u00e4rmd\u00f6 of wellicht Dalar\u00f6. Zeilend bent u vanuit N\u00e4vekvarn op zelfde plek in een dag of met een mororboot in enkele uren. Twee keer per jaar deze tocht te maken kan juist een waar genoegen zijn.<\/p>\n<h2>Verblijf\/overnachtingsmogelijkheid<\/h2>\n<p>Wilt u overnachten, dan kunnen wij u daarvoor eigen voorzieningen aanbieden, zoals een karakteristieke stuga van 100 m\u00b2 midden in het dorp. Of u kunt gebruik maken van de overnachtingsmogelijkheden in onze eigen gebouwen op het terrein.<\/p>\n<h2>Voordelen winterstalling bij Swede Port Marina<\/h2>\n<ul>\n<li>B\u00e4ttre priseGunstiger prijzen dan in Stockholm en omgeving.<\/li>\n<li>Niet langer dan 1 uur en 20 minuten reizen met de auto vanuit Stockholm, dezelfde tijd als u nodig heeft om naar uw plaats in het scherengebied te reizen.<\/li>\n<li>Soort stalling naar keuze: binnenshuis, buitenshuis op afgesloten terrein, verwarmof onverwarmd.<\/li>\n<li>Volledige service te verlenen op de plek waar uw boot zich bevindt, zomer en winter.<\/li>\n<li>Binnenkort zullen wij u zelfs een pakket aan kunnen bieden met ligplaats en winterstalling samen.<\/li>\n<li>Poort naar de mooiste scherengebied van Zweden.<\/li>\n<\/ul>\n","protected":false},"excerpt":{"rendered":"<p>Winterstalling en service voor degenen die in Stockholm wonen U weet zeker wel hoe lastig het kan zijn om een<a href=\"https:\/\/swedeportmarina.se\/nl\/winterstalling\/stockholm\/\">(more&#8230;)<\/a><\/p>\n","protected":false},"author":1,"featured_media":0,"parent":20,"menu_order":1,"comment_status":"closed","ping_status":"open","template":"","meta":[],"_links":{"self":[{"href":"https:\/\/swedeportmarina.se\/nl\/wp-json\/wp\/v2\/pages\/33"}],"collection":[{"href":"https:\/\/swedeportmarina.se\/nl\/wp-json\/wp\/v2\/pages"}],"about":[{"href":"https:\/\/swedeportmarina.se\/nl\/wp-json\/wp\/v2\/types\/page"}],"author":[{"embeddable":true,"href":"https:\/\/swedeportmarina.se\/nl\/wp-json\/wp\/v2\/users\/1"}],"replies":[{"embeddable":true,"href":"https:\/\/swedeportmarina.se\/nl\/wp-json\/wp\/v2\/comments?post=33"}],"version-history":[{"count":4,"href":"https:\/\/swedeportmarina.se\/nl\/wp-json\/wp\/v2\/pages\/33\/revisions"}],"predecessor-version":[{"id":303,"href":"https:\/\/swedeportmarina.se\/nl\/wp-json\/wp\/v2\/pages\/33\/revisions\/303"}],"up":[{"embeddable":true,"href":"https:\/\/swedeportmarina.se\/nl\/wp-json\/wp\/v2\/pages\/20"}],"wp:attachment":[{"href":"https:\/\/swedeportmarina.se\/nl\/wp-json\/wp\/v2\/media?parent=33"}],"curies":[{"name":"wp","href":"https:\/\/api.w.org\/{rel}","templated":true}]}}